{"id":3491,"date":"2025-01-01T04:36:20","date_gmt":"2025-01-01T04:36:20","guid":{"rendered":"https:\/\/medsailfar.com\/?post_type=product&#038;p=3491"},"modified":"2025-01-01T04:36:20","modified_gmt":"2025-01-01T04:36:20","slug":"510k-approved-high-quality-intelligent-fully-automatic-wrist-blood-pressure-monitor-from-medsailfar-medical","status":"publish","type":"product","link":"https:\/\/medsailfar.com\/index.php\/product\/510k-approved-high-quality-intelligent-fully-automatic-wrist-blood-pressure-monitor-from-medsailfar-medical\/","title":{"rendered":"510K Approved High Quality Intelligent Fully Automatic Wrist Blood Pressure Monitor from Medsailfar Medical"},"content":{"rendered":"<h2>510K Approved High Quality Intelligent Fully Automatic Wrist Blood Pressure Monitor from Medsailfar Medical<\/h2>\n<p>&nbsp;<\/p>\n<p><img fetchpriority=\"high\" decoding=\"async\" class=\"alignleft  wp-image-3492\" src=\"http:\/\/medsailfar.com\/wp-content\/uploads\/2025\/01\/3500.jpg\" alt=\"\" width=\"815\" height=\"815\" srcset=\"https:\/\/medsailfar.com\/wp-content\/uploads\/2025\/01\/3500.jpg 1500w, https:\/\/medsailfar.com\/wp-content\/uploads\/2025\/01\/3500-300x300.jpg 300w, https:\/\/medsailfar.com\/wp-content\/uploads\/2025\/01\/3500-1024x1024.jpg 1024w, https:\/\/medsailfar.com\/wp-content\/uploads\/2025\/01\/3500-150x150.jpg 150w, https:\/\/medsailfar.com\/wp-content\/uploads\/2025\/01\/3500-768x768.jpg 768w, https:\/\/medsailfar.com\/wp-content\/uploads\/2025\/01\/3500-600x600.jpg 600w, https:\/\/medsailfar.com\/wp-content\/uploads\/2025\/01\/3500-100x100.jpg 100w\" sizes=\"(max-width: 815px) 100vw, 815px\" \/><\/p>\n<h3>Description:<\/h3>\n<p><strong>Model:MSF3500<\/strong><br \/>\n<strong>Large LCD display size: 60.8\u00d775.3mm <\/strong><br \/>\n<strong>Accuracy: pressure within \u00b13mmHg(\u00b10.4kpa), <\/strong><br \/>\n<strong>pulse within \u00b15%. <\/strong><br \/>\n<strong>Optional: Voice broadcast; LCD with backlight. <\/strong><br \/>\n<strong>Power supply: 4\u00d7AA alkaline batteries (DC6V) <\/strong><br \/>\n<strong>USB Type C (DC5V1A) <\/strong><br \/>\n<strong>Product weight: 240g <\/strong><br \/>\n<strong>Product Dimension: 122\u00d7155\u00d778mm <\/strong><br \/>\n<strong>Packing Size: 118\u00d7110\u00d7160mm <\/strong><br \/>\n<strong>Cuff size: 22-42cm<\/strong><\/p>\n<p>&nbsp;<\/p>\n<h3><strong>Specifications:<\/strong><\/h3>\n<p>&nbsp;<\/p>\n<table style=\"height: 301px;\" width=\"639\">\n<tbody>\n<tr>\n<td colspan=\"2\" width=\"602\"><strong>Product Features<\/strong><\/td>\n<\/tr>\n<tr>\n<td width=\"284\"><strong>Brand<\/strong><\/td>\n<td width=\"318\"><strong>MEDSAILFAR MEDICAL<\/strong><\/td>\n<\/tr>\n<tr>\n<td width=\"284\"><strong>Advantage<\/strong><\/td>\n<td width=\"318\"><strong>Fast testing<\/strong><\/td>\n<\/tr>\n<tr>\n<td width=\"284\"><strong>Model<\/strong><\/td>\n<td width=\"318\"><strong>MSF3500<\/strong><\/td>\n<\/tr>\n<tr>\n<td width=\"284\"><strong>certification<\/strong><\/td>\n<td width=\"318\"><strong>CE, ISO13485, FCC,\u00a0<\/strong><\/td>\n<\/tr>\n<tr>\n<td width=\"284\"><strong>power supply<\/strong><\/td>\n<td width=\"318\"><strong>220V<\/strong><\/td>\n<\/tr>\n<tr>\n<td width=\"284\"><strong>product name<\/strong><\/td>\n<td width=\"318\"><strong>digital blood pressure monitor<\/strong><\/td>\n<\/tr>\n<\/tbody>\n<\/table>\n<p>&nbsp;<\/p>\n<p><img decoding=\"async\" class=\"alignleft  wp-image-3493\" src=\"http:\/\/medsailfar.com\/wp-content\/uploads\/2025\/01\/3500\u8be6\u60c5\u98750.jpg\" alt=\"\" width=\"1133\" height=\"1499\" srcset=\"https:\/\/medsailfar.com\/wp-content\/uploads\/2025\/01\/3500\u8be6\u60c5\u98750.jpg 790w, https:\/\/medsailfar.com\/wp-content\/uploads\/2025\/01\/3500\u8be6\u60c5\u98750-227x300.jpg 227w, https:\/\/medsailfar.com\/wp-content\/uploads\/2025\/01\/3500\u8be6\u60c5\u98750-774x1024.jpg 774w, https:\/\/medsailfar.com\/wp-content\/uploads\/2025\/01\/3500\u8be6\u60c5\u98750-768x1016.jpg 768w, https:\/\/medsailfar.com\/wp-content\/uploads\/2025\/01\/3500\u8be6\u60c5\u98750-600x794.jpg 600w\" sizes=\"(max-width: 1133px) 100vw, 1133px\" \/> <img decoding=\"async\" class=\"alignleft  wp-image-3494\" src=\"http:\/\/medsailfar.com\/wp-content\/uploads\/2025\/01\/3500\u8be6\u60c5\u98751.jpg\" alt=\"\" width=\"1137\" height=\"1549\" srcset=\"https:\/\/medsailfar.com\/wp-content\/uploads\/2025\/01\/3500\u8be6\u60c5\u98751.jpg 790w, https:\/\/medsailfar.com\/wp-content\/uploads\/2025\/01\/3500\u8be6\u60c5\u98751-220x300.jpg 220w, https:\/\/medsailfar.com\/wp-content\/uploads\/2025\/01\/3500\u8be6\u60c5\u98751-752x1024.jpg 752w, https:\/\/medsailfar.com\/wp-content\/uploads\/2025\/01\/3500\u8be6\u60c5\u98751-768x1046.jpg 768w, https:\/\/medsailfar.com\/wp-content\/uploads\/2025\/01\/3500\u8be6\u60c5\u98751-600x817.jpg 600w\" sizes=\"(max-width: 1137px) 100vw, 1137px\" \/> <img loading=\"lazy\" decoding=\"async\" class=\"alignleft  wp-image-3495\" src=\"http:\/\/medsailfar.com\/wp-content\/uploads\/2025\/01\/3500\u8be6\u60c5\u98752.png\" alt=\"\" width=\"1185\" height=\"680\" srcset=\"https:\/\/medsailfar.com\/wp-content\/uploads\/2025\/01\/3500\u8be6\u60c5\u98752.png 1417w, https:\/\/medsailfar.com\/wp-content\/uploads\/2025\/01\/3500\u8be6\u60c5\u98752-300x172.png 300w, https:\/\/medsailfar.com\/wp-content\/uploads\/2025\/01\/3500\u8be6\u60c5\u98752-1024x588.png 1024w, https:\/\/medsailfar.com\/wp-content\/uploads\/2025\/01\/3500\u8be6\u60c5\u98752-768x441.png 768w, https:\/\/medsailfar.com\/wp-content\/uploads\/2025\/01\/3500\u8be6\u60c5\u98752-600x344.png 600w\" sizes=\"(max-width: 1185px) 100vw, 1185px\" \/> <img loading=\"lazy\" decoding=\"async\" class=\"alignleft  wp-image-3496\" src=\"http:\/\/medsailfar.com\/wp-content\/uploads\/2025\/01\/3500\u8be6\u60c5\u98753.jpg\" alt=\"\" width=\"1133\" height=\"2015\" srcset=\"https:\/\/medsailfar.com\/wp-content\/uploads\/2025\/01\/3500\u8be6\u60c5\u98753.jpg 790w, https:\/\/medsailfar.com\/wp-content\/uploads\/2025\/01\/3500\u8be6\u60c5\u98753-169x300.jpg 169w, https:\/\/medsailfar.com\/wp-content\/uploads\/2025\/01\/3500\u8be6\u60c5\u98753-576x1024.jpg 576w, https:\/\/medsailfar.com\/wp-content\/uploads\/2025\/01\/3500\u8be6\u60c5\u98753-768x1366.jpg 768w, https:\/\/medsailfar.com\/wp-content\/uploads\/2025\/01\/3500\u8be6\u60c5\u98753-600x1067.jpg 600w\" sizes=\"(max-width: 1133px) 100vw, 1133px\" \/> <img loading=\"lazy\" decoding=\"async\" class=\"alignleft  wp-image-3497\" src=\"http:\/\/medsailfar.com\/wp-content\/uploads\/2025\/01\/3500\u8be6\u60c5\u98754.jpg\" alt=\"\" width=\"1127\" height=\"940\" srcset=\"https:\/\/medsailfar.com\/wp-content\/uploads\/2025\/01\/3500\u8be6\u60c5\u98754.jpg 790w, https:\/\/medsailfar.com\/wp-content\/uploads\/2025\/01\/3500\u8be6\u60c5\u98754-300x250.jpg 300w, https:\/\/medsailfar.com\/wp-content\/uploads\/2025\/01\/3500\u8be6\u60c5\u98754-768x641.jpg 768w, https:\/\/medsailfar.com\/wp-content\/uploads\/2025\/01\/3500\u8be6\u60c5\u98754-600x501.jpg 600w\" sizes=\"(max-width: 1127px) 100vw, 1127px\" \/> <img loading=\"lazy\" decoding=\"async\" class=\"alignleft  wp-image-3498\" src=\"http:\/\/medsailfar.com\/wp-content\/uploads\/2025\/01\/3500\u8be6\u60c5\u98755.jpg\" alt=\"\" width=\"1126\" height=\"1528\" srcset=\"https:\/\/medsailfar.com\/wp-content\/uploads\/2025\/01\/3500\u8be6\u60c5\u98755.jpg 790w, https:\/\/medsailfar.com\/wp-content\/uploads\/2025\/01\/3500\u8be6\u60c5\u98755-221x300.jpg 221w, https:\/\/medsailfar.com\/wp-content\/uploads\/2025\/01\/3500\u8be6\u60c5\u98755-755x1024.jpg 755w, https:\/\/medsailfar.com\/wp-content\/uploads\/2025\/01\/3500\u8be6\u60c5\u98755-768x1042.jpg 768w, https:\/\/medsailfar.com\/wp-content\/uploads\/2025\/01\/3500\u8be6\u60c5\u98755-600x814.jpg 600w\" sizes=\"(max-width: 1126px) 100vw, 1126px\" \/><\/p>\n","protected":false},"excerpt":{"rendered":"<p>510K Approved High Quality Intelligent Fully Automatic Wrist Blood Pressure Monitor from Medsailfar Medical &nbsp; Description: Model:MSF3500 Large LCD display size: 60.8\u00d775.3mm Accuracy: pressure within \u00b13mmHg(\u00b10.4kpa), pulse within \u00b15%. Optional: Voice broadcast; LCD with backlight. Power supply: 4\u00d7AA alkaline batteries (DC6V) USB Type C (DC5V1A) Product weight: 240g Product Dimension: 122\u00d7155\u00d778mm Packing Size: 118\u00d7110\u00d7160mm Cuff [&hellip;]<\/p>\n","protected":false},"featured_media":3492,"comment_status":"open","ping_status":"closed","template":"","meta":{"site-sidebar-layout":"default","site-content-layout":"","ast-site-content-layout":"default","site-content-style":"default","site-sidebar-style":"default","ast-global-header-display":"","ast-banner-title-visibility":"","ast-main-header-display":"","ast-hfb-above-header-display":"","ast-hfb-below-header-display":"","ast-hfb-mobile-header-display":"","site-post-title":"","ast-breadcrumbs-content":"","ast-featured-img":"","footer-sml-layout":"","theme-transparent-header-meta":"default","adv-header-id-meta":"","stick-header-meta":"","header-above-stick-meta":"","header-main-stick-meta":"","header-below-stick-meta":"","astra-migrate-meta-layouts":"set","ast-page-background-enabled":"default","ast-page-background-meta":{"desktop":{"background-color":"","background-image":"","background-repeat":"repeat","background-position":"center center","background-size":"auto","background-attachment":"scroll","background-type":"","background-media":"","overlay-type":"","overlay-color":"","overlay-gradient":""},"tablet":{"background-color":"","background-image":"","background-repeat":"repeat","background-position":"center center","background-size":"auto","background-attachment":"scroll","background-type":"","background-media":"","overlay-type":"","overlay-color":"","overlay-gradient":""},"mobile":{"background-color":"","background-image":"","background-repeat":"repeat","background-position":"center center","background-size":"auto","background-attachment":"scroll","background-type":"","background-media":"","overlay-type":"","overlay-color":"","overlay-gradient":""}},"ast-content-background-meta":{"desktop":{"background-color":"var(--ast-global-color-5)","background-image":"","background-repeat":"repeat","background-position":"center center","background-size":"auto","background-attachment":"scroll","background-type":"","background-media":"","overlay-type":"","overlay-color":"","overlay-gradient":""},"tablet":{"background-color":"var(--ast-global-color-5)","background-image":"","background-repeat":"repeat","background-position":"center center","background-size":"auto","background-attachment":"scroll","background-type":"","background-media":"","overlay-type":"","overlay-color":"","overlay-gradient":""},"mobile":{"background-color":"var(--ast-global-color-5)","background-image":"","background-repeat":"repeat","background-position":"center center","background-size":"auto","background-attachment":"scroll","background-type":"","background-media":"","overlay-type":"","overlay-color":"","overlay-gradient":""}}},"product_cat":[117],"product_tag":[],"yoast_head":"<!-- This site is optimized with the Yoast SEO plugin v23.0 - https:\/\/yoast.com\/wordpress\/plugins\/seo\/ -->\n<title>510K Approved High Quality Intelligent Fully Automatic Wrist Blood Pressure Monitor from Medsailfar Medical - Shanghai Medsailfar Medical Instrument Co., Ltd.<\/title>\n<meta name=\"robots\" content=\"index, follow, max-snippet:-1, max-image-preview:large, max-video-preview:-1\" \/>\n<link rel=\"canonical\" href=\"https:\/\/medsailfar.com\/index.php\/product\/510k-approved-high-quality-intelligent-fully-automatic-wrist-blood-pressure-monitor-from-medsailfar-medical\/\" \/>\n<meta property=\"og:locale\" content=\"en_US\" \/>\n<meta property=\"og:type\" content=\"article\" \/>\n<meta property=\"og:title\" content=\"510K Approved High Quality Intelligent Fully Automatic Wrist Blood Pressure Monitor from Medsailfar Medical - Shanghai Medsailfar Medical Instrument Co., Ltd.\" \/>\n<meta property=\"og:description\" content=\"510K Approved High Quality Intelligent Fully Automatic Wrist Blood Pressure Monitor from Medsailfar Medical &nbsp; Description: Model:MSF3500 Large LCD display size: 60.8\u00d775.3mm Accuracy: pressure within \u00b13mmHg(\u00b10.4kpa), pulse within \u00b15%. Optional: Voice broadcast; LCD with backlight. Power supply: 4\u00d7AA alkaline batteries (DC6V) USB Type C (DC5V1A) Product weight: 240g Product Dimension: 122\u00d7155\u00d778mm Packing Size: 118\u00d7110\u00d7160mm Cuff [&hellip;]\" \/>\n<meta property=\"og:url\" content=\"https:\/\/medsailfar.com\/index.php\/product\/510k-approved-high-quality-intelligent-fully-automatic-wrist-blood-pressure-monitor-from-medsailfar-medical\/\" \/>\n<meta property=\"og:site_name\" content=\"Shanghai Medsailfar Medical Instrument Co., Ltd.\" \/>\n<meta property=\"og:image\" content=\"http:\/\/medsailfar.com\/wp-content\/uploads\/2025\/01\/3500.jpg\" \/>\n\t<meta property=\"og:image:width\" content=\"1500\" \/>\n\t<meta property=\"og:image:height\" content=\"1500\" \/>\n\t<meta property=\"og:image:type\" content=\"image\/jpeg\" \/>\n<meta name=\"twitter:card\" content=\"summary_large_image\" \/>\n<meta name=\"twitter:label1\" content=\"Est. reading time\" \/>\n\t<meta name=\"twitter:data1\" content=\"2 minutes\" \/>\n<script type=\"application\/ld+json\" class=\"yoast-schema-graph\">{\"@context\":\"https:\/\/schema.org\",\"@graph\":[{\"@type\":\"WebPage\",\"@id\":\"https:\/\/medsailfar.com\/index.php\/product\/510k-approved-high-quality-intelligent-fully-automatic-wrist-blood-pressure-monitor-from-medsailfar-medical\/\",\"url\":\"https:\/\/medsailfar.com\/index.php\/product\/510k-approved-high-quality-intelligent-fully-automatic-wrist-blood-pressure-monitor-from-medsailfar-medical\/\",\"name\":\"510K Approved High Quality Intelligent Fully Automatic Wrist Blood Pressure Monitor from Medsailfar Medical - Shanghai Medsailfar Medical Instrument Co., Ltd.\",\"isPartOf\":{\"@id\":\"https:\/\/medsailfar.com\/#website\"},\"primaryImageOfPage\":{\"@id\":\"https:\/\/medsailfar.com\/index.php\/product\/510k-approved-high-quality-intelligent-fully-automatic-wrist-blood-pressure-monitor-from-medsailfar-medical\/#primaryimage\"},\"image\":{\"@id\":\"https:\/\/medsailfar.com\/index.php\/product\/510k-approved-high-quality-intelligent-fully-automatic-wrist-blood-pressure-monitor-from-medsailfar-medical\/#primaryimage\"},\"thumbnailUrl\":\"https:\/\/medsailfar.com\/wp-content\/uploads\/2025\/01\/3500.jpg\",\"datePublished\":\"2025-01-01T04:36:20+00:00\",\"dateModified\":\"2025-01-01T04:36:20+00:00\",\"breadcrumb\":{\"@id\":\"https:\/\/medsailfar.com\/index.php\/product\/510k-approved-high-quality-intelligent-fully-automatic-wrist-blood-pressure-monitor-from-medsailfar-medical\/#breadcrumb\"},\"inLanguage\":\"en-US\",\"potentialAction\":[{\"@type\":\"ReadAction\",\"target\":[\"https:\/\/medsailfar.com\/index.php\/product\/510k-approved-high-quality-intelligent-fully-automatic-wrist-blood-pressure-monitor-from-medsailfar-medical\/\"]}]},{\"@type\":\"ImageObject\",\"inLanguage\":\"en-US\",\"@id\":\"https:\/\/medsailfar.com\/index.php\/product\/510k-approved-high-quality-intelligent-fully-automatic-wrist-blood-pressure-monitor-from-medsailfar-medical\/#primaryimage\",\"url\":\"https:\/\/medsailfar.com\/wp-content\/uploads\/2025\/01\/3500.jpg\",\"contentUrl\":\"https:\/\/medsailfar.com\/wp-content\/uploads\/2025\/01\/3500.jpg\",\"width\":1500,\"height\":1500},{\"@type\":\"BreadcrumbList\",\"@id\":\"https:\/\/medsailfar.com\/index.php\/product\/510k-approved-high-quality-intelligent-fully-automatic-wrist-blood-pressure-monitor-from-medsailfar-medical\/#breadcrumb\",\"itemListElement\":[{\"@type\":\"ListItem\",\"position\":1,\"name\":\"\u9996\u9875\",\"item\":\"https:\/\/medsailfar.com\/\"},{\"@type\":\"ListItem\",\"position\":2,\"name\":\"Shop\",\"item\":\"https:\/\/medsailfar.com\/index.php\/shop\/\"},{\"@type\":\"ListItem\",\"position\":3,\"name\":\"510K Approved High Quality Intelligent Fully Automatic Wrist Blood Pressure Monitor from Medsailfar Medical\"}]},{\"@type\":\"WebSite\",\"@id\":\"https:\/\/medsailfar.com\/#website\",\"url\":\"https:\/\/medsailfar.com\/\",\"name\":\"Shanghai Medsailfar Medical Instrument Co., Ltd.\",\"description\":\"Top 10 Medical Equipment Manufacturer and Exporter Since 1999\",\"publisher\":{\"@id\":\"https:\/\/medsailfar.com\/#organization\"},\"potentialAction\":[{\"@type\":\"SearchAction\",\"target\":{\"@type\":\"EntryPoint\",\"urlTemplate\":\"https:\/\/medsailfar.com\/?s={search_term_string}\"},\"query-input\":\"required name=search_term_string\"}],\"inLanguage\":\"en-US\"},{\"@type\":\"Organization\",\"@id\":\"https:\/\/medsailfar.com\/#organization\",\"name\":\"Shanghai Medsailfar Medical Instrument Co., Ltd.\",\"url\":\"https:\/\/medsailfar.com\/\",\"logo\":{\"@type\":\"ImageObject\",\"inLanguage\":\"en-US\",\"@id\":\"https:\/\/medsailfar.com\/#\/schema\/logo\/image\/\",\"url\":\"https:\/\/medsailfar.com\/wp-content\/uploads\/2024\/05\/20250516112541.png\",\"contentUrl\":\"https:\/\/medsailfar.com\/wp-content\/uploads\/2024\/05\/20250516112541.png\",\"width\":500,\"height\":139,\"caption\":\"Shanghai Medsailfar Medical Instrument Co., Ltd.\"},\"image\":{\"@id\":\"https:\/\/medsailfar.com\/#\/schema\/logo\/image\/\"}}]}<\/script>\n<!-- \/ Yoast SEO plugin. -->","yoast_head_json":{"title":"510K Approved High Quality Intelligent Fully Automatic Wrist Blood Pressure Monitor from Medsailfar Medical - Shanghai Medsailfar Medical Instrument Co., Ltd.","robots":{"index":"index","follow":"follow","max-snippet":"max-snippet:-1","max-image-preview":"max-image-preview:large","max-video-preview":"max-video-preview:-1"},"canonical":"https:\/\/medsailfar.com\/index.php\/product\/510k-approved-high-quality-intelligent-fully-automatic-wrist-blood-pressure-monitor-from-medsailfar-medical\/","og_locale":"en_US","og_type":"article","og_title":"510K Approved High Quality Intelligent Fully Automatic Wrist Blood Pressure Monitor from Medsailfar Medical - Shanghai Medsailfar Medical Instrument Co., Ltd.","og_description":"510K Approved High Quality Intelligent Fully Automatic Wrist Blood Pressure Monitor from Medsailfar Medical &nbsp; Description: Model:MSF3500 Large LCD display size: 60.8\u00d775.3mm Accuracy: pressure within \u00b13mmHg(\u00b10.4kpa), pulse within \u00b15%. Optional: Voice broadcast; LCD with backlight. Power supply: 4\u00d7AA alkaline batteries (DC6V) USB Type C (DC5V1A) Product weight: 240g Product Dimension: 122\u00d7155\u00d778mm Packing Size: 118\u00d7110\u00d7160mm Cuff [&hellip;]","og_url":"https:\/\/medsailfar.com\/index.php\/product\/510k-approved-high-quality-intelligent-fully-automatic-wrist-blood-pressure-monitor-from-medsailfar-medical\/","og_site_name":"Shanghai Medsailfar Medical Instrument Co., Ltd.","og_image":[{"width":1500,"height":1500,"url":"http:\/\/medsailfar.com\/wp-content\/uploads\/2025\/01\/3500.jpg","type":"image\/jpeg"}],"twitter_card":"summary_large_image","twitter_misc":{"Est. reading time":"2 minutes"},"schema":{"@context":"https:\/\/schema.org","@graph":[{"@type":"WebPage","@id":"https:\/\/medsailfar.com\/index.php\/product\/510k-approved-high-quality-intelligent-fully-automatic-wrist-blood-pressure-monitor-from-medsailfar-medical\/","url":"https:\/\/medsailfar.com\/index.php\/product\/510k-approved-high-quality-intelligent-fully-automatic-wrist-blood-pressure-monitor-from-medsailfar-medical\/","name":"510K Approved High Quality Intelligent Fully Automatic Wrist Blood Pressure Monitor from Medsailfar Medical - Shanghai Medsailfar Medical Instrument Co., Ltd.","isPartOf":{"@id":"https:\/\/medsailfar.com\/#website"},"primaryImageOfPage":{"@id":"https:\/\/medsailfar.com\/index.php\/product\/510k-approved-high-quality-intelligent-fully-automatic-wrist-blood-pressure-monitor-from-medsailfar-medical\/#primaryimage"},"image":{"@id":"https:\/\/medsailfar.com\/index.php\/product\/510k-approved-high-quality-intelligent-fully-automatic-wrist-blood-pressure-monitor-from-medsailfar-medical\/#primaryimage"},"thumbnailUrl":"https:\/\/medsailfar.com\/wp-content\/uploads\/2025\/01\/3500.jpg","datePublished":"2025-01-01T04:36:20+00:00","dateModified":"2025-01-01T04:36:20+00:00","breadcrumb":{"@id":"https:\/\/medsailfar.com\/index.php\/product\/510k-approved-high-quality-intelligent-fully-automatic-wrist-blood-pressure-monitor-from-medsailfar-medical\/#breadcrumb"},"inLanguage":"en-US","potentialAction":[{"@type":"ReadAction","target":["https:\/\/medsailfar.com\/index.php\/product\/510k-approved-high-quality-intelligent-fully-automatic-wrist-blood-pressure-monitor-from-medsailfar-medical\/"]}]},{"@type":"ImageObject","inLanguage":"en-US","@id":"https:\/\/medsailfar.com\/index.php\/product\/510k-approved-high-quality-intelligent-fully-automatic-wrist-blood-pressure-monitor-from-medsailfar-medical\/#primaryimage","url":"https:\/\/medsailfar.com\/wp-content\/uploads\/2025\/01\/3500.jpg","contentUrl":"https:\/\/medsailfar.com\/wp-content\/uploads\/2025\/01\/3500.jpg","width":1500,"height":1500},{"@type":"BreadcrumbList","@id":"https:\/\/medsailfar.com\/index.php\/product\/510k-approved-high-quality-intelligent-fully-automatic-wrist-blood-pressure-monitor-from-medsailfar-medical\/#breadcrumb","itemListElement":[{"@type":"ListItem","position":1,"name":"\u9996\u9875","item":"https:\/\/medsailfar.com\/"},{"@type":"ListItem","position":2,"name":"Shop","item":"https:\/\/medsailfar.com\/index.php\/shop\/"},{"@type":"ListItem","position":3,"name":"510K Approved High Quality Intelligent Fully Automatic Wrist Blood Pressure Monitor from Medsailfar Medical"}]},{"@type":"WebSite","@id":"https:\/\/medsailfar.com\/#website","url":"https:\/\/medsailfar.com\/","name":"Shanghai Medsailfar Medical Instrument Co., Ltd.","description":"Top 10 Medical Equipment Manufacturer and Exporter Since 1999","publisher":{"@id":"https:\/\/medsailfar.com\/#organization"},"potentialAction":[{"@type":"SearchAction","target":{"@type":"EntryPoint","urlTemplate":"https:\/\/medsailfar.com\/?s={search_term_string}"},"query-input":"required name=search_term_string"}],"inLanguage":"en-US"},{"@type":"Organization","@id":"https:\/\/medsailfar.com\/#organization","name":"Shanghai Medsailfar Medical Instrument Co., Ltd.","url":"https:\/\/medsailfar.com\/","logo":{"@type":"ImageObject","inLanguage":"en-US","@id":"https:\/\/medsailfar.com\/#\/schema\/logo\/image\/","url":"https:\/\/medsailfar.com\/wp-content\/uploads\/2024\/05\/20250516112541.png","contentUrl":"https:\/\/medsailfar.com\/wp-content\/uploads\/2024\/05\/20250516112541.png","width":500,"height":139,"caption":"Shanghai Medsailfar Medical Instrument Co., Ltd."},"image":{"@id":"https:\/\/medsailfar.com\/#\/schema\/logo\/image\/"}}]}},"_links":{"self":[{"href":"https:\/\/medsailfar.com\/index.php\/wp-json\/wp\/v2\/product\/3491"}],"collection":[{"href":"https:\/\/medsailfar.com\/index.php\/wp-json\/wp\/v2\/product"}],"about":[{"href":"https:\/\/medsailfar.com\/index.php\/wp-json\/wp\/v2\/types\/product"}],"replies":[{"embeddable":true,"href":"https:\/\/medsailfar.com\/index.php\/wp-json\/wp\/v2\/comments?post=3491"}],"wp:featuredmedia":[{"embeddable":true,"href":"https:\/\/medsailfar.com\/index.php\/wp-json\/wp\/v2\/media\/3492"}],"wp:attachment":[{"href":"https:\/\/medsailfar.com\/index.php\/wp-json\/wp\/v2\/media?parent=3491"}],"wp:term":[{"taxonomy":"product_cat","embeddable":true,"href":"https:\/\/medsailfar.com\/index.php\/wp-json\/wp\/v2\/product_cat?post=3491"},{"taxonomy":"product_tag","embeddable":true,"href":"https:\/\/medsailfar.com\/index.php\/wp-json\/wp\/v2\/product_tag?post=3491"}],"curies":[{"name":"wp","href":"https:\/\/api.w.org\/{rel}","templated":true}]}}